{"id":3,"date":"2025-06-13T14:27:38","date_gmt":"2025-06-13T12:27:38","guid":{"rendered":"https:\/\/www.birdiehillsestepona.com\/?page_id=3"},"modified":"2025-06-30T11:35:08","modified_gmt":"2025-06-30T09:35:08","slug":"privacy-policy","status":"publish","type":"page","link":"https:\/\/www.birdiehillsestepona.com\/en\/privacy-policy\/","title":{"rendered":"Privacy Policy"},"content":{"rendered":"\n<div class=\"wp-block-group contact-hero-header\"><div class=\"wp-block-group__inner-container is-layout-constrained wp-block-group-is-layout-constrained\">\n<div class=\"wp-block-cover is-light\"><img decoding=\"async\" width=\"2400\" height=\"775\" class=\"wp-block-cover__image-background wp-image-775 size-full\" alt=\"\" src=\"https:\/\/www.birdiehillsestepona.com\/wp-content\/uploads\/2025\/06\/BirdieHills-0001_cut.jpg\" data-object-fit=\"cover\" srcset=\"https:\/\/www.birdiehillsestepona.com\/wp-content\/uploads\/2025\/06\/BirdieHills-0001_cut.jpg 2400w, https:\/\/www.birdiehillsestepona.com\/wp-content\/uploads\/2025\/06\/BirdieHills-0001_cut-1200x388.jpg 1200w, https:\/\/www.birdiehillsestepona.com\/wp-content\/uploads\/2025\/06\/BirdieHills-0001_cut-1920x620.jpg 1920w, https:\/\/www.birdiehillsestepona.com\/wp-content\/uploads\/2025\/06\/BirdieHills-0001_cut-768x248.jpg 768w, https:\/\/www.birdiehillsestepona.com\/wp-content\/uploads\/2025\/06\/BirdieHills-0001_cut-1536x496.jpg 1536w, https:\/\/www.birdiehillsestepona.com\/wp-content\/uploads\/2025\/06\/BirdieHills-0001_cut-2048x661.jpg 2048w\" sizes=\"(max-width: 2400px) 100vw, 2400px\" \/><span aria-hidden=\"true\" class=\"wp-block-cover__background has-background-dim-0 has-background-dim\" style=\"background-color:#8e9da3\"><\/span><div class=\"wp-block-cover__inner-container is-layout-constrained wp-block-cover-is-layout-constrained\">\n<p class=\"has-text-align-center has-large-font-size\"><\/p>\n<\/div><\/div>\n<\/div><\/div>\n\n\n\n<div class=\"wp-block-group container legal-page\"><div class=\"wp-block-group__inner-container is-layout-constrained wp-block-group-is-layout-constrained\">\n<h1 class=\"wp-block-heading\"><strong>Pol\u00edtica de Privacidad<\/strong><\/h1>\n\n\n\n<p><strong>Ids Estepona Golf 208 SA<\/strong>, como responsable del tratamiento, le informa a continuaci\u00f3n de que todo dato personal que se trate por parte del mismo, ser\u00e1 realizado de conformidad con los principios de transparencia, limitaci\u00f3n de la finalidad, minimizaci\u00f3n de datos, exactitud, integridad y confidencialidad, as\u00ed como respetando el resto de obligaciones y garant\u00edas establecidas en el Reglamento (UE) 2016\/679 del Parlamento Europeo y del Consejo de 27 de abril de 2016, y de la Ley Org\u00e1nica 3\/2018, de 5 de diciembre, de Protecci\u00f3n de Datos Personales y Garant\u00eda de los Derechos Digitales, relativas a la protecci\u00f3n de las personas f\u00edsicas en lo que respecta al tratamiento de datos personales y a la libre circulaci\u00f3n de estos datos.<\/p>\n\n\n\n<p>Para ello ponemos a su disposici\u00f3n nuestra Pol\u00edtica de Privacidad con el objetivo de asegurar la confianza del cliente y brindarle una experiencia diferencial satisfactoria.<\/p>\n\n\n\n<p><strong>Ids Estepona Golf 208 SA<\/strong> se reserva el derecho a modificar la presente Pol\u00edtica de Privacidad, por lo que se recomienda a los usuarios que visiten los Avisos Legales en cada acceso al sitio Web. El uso de cualquier parte de este sitio Web constituir\u00e1 la aceptaci\u00f3n de tales cambios.<\/p>\n\n\n\n<p><strong>Ids Estepona Golf 208 SA<\/strong> es el titular del dominio<a href=\"https:\/\/www.birdiehillsestepona.com\"> www.birdiehillsestepona.com<\/a> y el responsable del tratamiento de datos.<\/p>\n\n\n\n<p><strong>Denominaci\u00f3n social:<\/strong> Ids Estepona Golf 208 SA<br><strong>CIF:<\/strong> A75423863<br><strong>Domicilio social:<\/strong> C\/ \u00c1ngel Gel\u00e1n, n\u00ba2, 41013 \u2013 Sevilla<br><strong>Direcci\u00f3n de correo electr\u00f3nico de contacto:<\/strong> info@grupoinsur.com<br><strong>Direcci\u00f3n de email de Delegado de Protecci\u00f3n de Datos\/derechos de los interesados:<\/strong> dpo@grupoinsur.com<\/p>\n\n\n\n<h2 class=\"wp-block-heading\"><strong>Qu\u00e9 datos personales tratamos y qu\u00e9 hacemos con ellos<\/strong><\/h2>\n\n\n\n<p>Los datos personales tratados son los directamente proporcionados por el interesado, la persona que es titular de los datos o aquellos que se faciliten a trav\u00e9s de la propia navegaci\u00f3n, as\u00ed como aquellos necesarios para ejecutar la relaci\u00f3n contractual o precontractual en el caso de ser necesario.<\/p>\n\n\n\n<p>Las categor\u00edas-tipos de los datos que se tratan son los que se solicitan en los campos dispuestos en los formularios dispuestos para ello, y aquellos que voluntariamente proporcionen los usuarios en todos aquellos lugares donde sea posible ampliar la informaci\u00f3n en campos de texto libre, o bien proporcionados por email, tel\u00e9fono o por otros medios, que de forma general ser\u00e1n a modo enunciativo y no exhaustivo:<\/p>\n\n\n\n<p>Identificativos \u2013 DNI-Pasaporte-NIE \u2013 Direcciones postales y\/o electr\u00f3nicas \u2013 Tel\u00e9fonos fijos-m\u00f3viles \u2013 Informaci\u00f3n comercial \u2013 Datos de transacciones \u2013 Datos de medios de pago \u2013 Datos introducidos como preferencias del usuario-datos asociados a la navegaci\u00f3n- formaci\u00f3n<\/p>\n\n\n\n<p>No se tratan datos sensibles o especialmente protegidos, salvo indicaci\u00f3n espec\u00edfica del usuario para atender sus necesidades y\/o preferencias.<\/p>\n\n\n\n<p>En el supuesto de que aporte sus datos a trav\u00e9s de un mensaje de correo electr\u00f3nico, el mismo formar\u00e1 parte de un tratamiento cuya finalidad ser\u00e1 la gesti\u00f3n de la solicitud, sugerencia o comentario que nos realiza.<\/p>\n\n\n\n<p>En el caso de env\u00edo de CV\u00b4s, los datos tratados ser\u00e1n los incluidos en el formulario dispuesto al efecto y\/o en el documento de formato libre enviado por el interesado. Los CV\u00b4s se descartar\u00e1n despu\u00e9s de un a\u00f1o desde su \u00faltima actualizaci\u00f3n.<\/p>\n\n\n\n<p><strong>Ids Estepona Golf 208 SA<\/strong> desea garantizar su privacidad cuando utilice nuestros servicios, por ello en nuestra Pol\u00edtica de Privacidad se le informar\u00e1 de nuestra pol\u00edtica de protecci\u00f3n de datos personales y as\u00ed podr\u00e1 decidir voluntariamente en qu\u00e9 grado desea proporcionarlos.<\/p>\n\n\n\n<p>En definitiva, los datos de car\u00e1cter personal solicitados en los formularios dispuestos al efecto, por medio de correo electr\u00f3nico, o los datos personales que Ud incluya en sus comunicaciones por otros medios, servir\u00e1n para gestionar la relaci\u00f3n espec\u00edfica que en dichos medios se establece, con las finalidades expl\u00edcitas y concretas que se incluyen en dichos medios, por ejemplo, para gestionar reservas o servicios solicitados, enviarle la informaci\u00f3n solicitada, gestionar las facturaciones, resolver incidencias, inscribirle en servicios, eventos, o actos que usted indique, as\u00ed como para la gesti\u00f3n y control de los mismos, y para responder a las consultas, sugerencias, e incidencias que se soliciten o planteen, as\u00ed como cualquier otro tipo de tratamiento necesario para atender la relaci\u00f3n establecida.<\/p>\n\n\n\n<p>En determinados casos debidamente informados previamente se podr\u00e1n elaborar\u00e1n perfiles o segmentaciones con la finalidad de atender mejor sus preferencias y poder mejorar nuestros servicios. Tambi\u00e9n se informar\u00e1 previamente en caso de que el tratamiento de datos incluya decisiones automatizadas sobre los datos personales tratados.<\/p>\n\n\n\n<p>En caso de que nos haya proporcionado su direcci\u00f3n electr\u00f3nica, email, y\/o ID-identificaci\u00f3n de mensajer\u00eda electr\u00f3nica, queda informado que podr\u00e1 recibir comunicaciones electr\u00f3nicas para informarle y contestarle en todo aquello relacionado con su comunicaci\u00f3n y con la relaci\u00f3n establecida. En caso de ser receptor de una newsletter o comunicaci\u00f3n relacionada con el objeto de su consulta o relaci\u00f3n contractual con <strong>Ids Estepona Golf 208 SA<\/strong>, se le dar\u00e1 la posibilidad de darse de baja de la lista de distribuci\u00f3n en todos los env\u00edos que reciba. Adem\u00e1s, en cualquier momento puede darse de baja remiti\u00e9ndonos un e-mail a dpo@grupoinsur.com.<\/p>\n\n\n\n<h2 class=\"wp-block-heading\"><strong>A qui\u00e9n cedemos sus datos<\/strong><\/h2>\n\n\n\n<p><strong>Ids Estepona Golf 208 SA<\/strong> no cede datos personales a terceras empresas salvo en aquellos casos donde sea necesario para la prestaci\u00f3n del servicio, por lo que sus datos podr\u00e1n ser comunicados a otras empresas, entidades, instituciones p\u00fablicas o privadas, con la \u00fanica finalidad y exclusivamente en aquellos casos que sean necesarios para la correcta prestaci\u00f3n del servicio, consulta o gesti\u00f3n de la relaci\u00f3n establecida, o en los casos legalmente establecidos.<\/p>\n\n\n\n<p>Adicionalmente, le informamos que <strong>Ids Estepona Golf 208 SA<\/strong> pertenece a un grupo de empresas, por lo que el usuario ha de conocer y tener en cuenta que los datos que aporte se podr\u00e1n compartir con el resto de empresas del grupo<a href=\"https:\/\/grupoinsur.com\/grupo-insur\/empresas\"> https:\/\/grupoinsur.com\/grupo-insur\/empresas<\/a>.<\/p>\n\n\n\n<h2 class=\"wp-block-heading\"><strong>Cu\u00e1nto tiempo conservamos sus datos<\/strong><\/h2>\n\n\n\n<p>Los datos se conservar\u00e1n mientras se mantenga activa la relaci\u00f3n o no se solicite su cancelaci\u00f3n, y al menos durante un plazo de 10 a\u00f1os desde la \u00faltima interacci\u00f3n, as\u00ed como durante los plazos legales preceptivos de acuerdo a la normativa espec\u00edfica que les sea aplicable.<\/p>\n\n\n\n<h2 class=\"wp-block-heading\"><strong>Cu\u00e1l es la legitimaci\u00f3n para tratar sus datos<\/strong><\/h2>\n\n\n\n<p>El tratamiento de sus datos se efect\u00faa al amparo del consentimiento expreso, expl\u00edcito e informado, en cuanto que se ha rellenado y enviado un formulario online, o se ha dirigido por email u otros medios a <strong>Ids Estepona Golf 208 SA<\/strong>. En otros casos, dependiendo del tipo de relaci\u00f3n que se establezca, la legitimaci\u00f3n se podr\u00eda amparar:<\/p>\n\n\n\n<ul class=\"wp-block-list\">\n<li>En una obligaci\u00f3n legal<br><\/li>\n\n\n\n<li>Por el establecimiento de una relaci\u00f3n precontractual o contractual entre el usuario y <strong>Ids Estepona Golf 208 SA<\/strong><strong><br><\/strong><\/li>\n\n\n\n<li>En el inter\u00e9s leg\u00edtimo del responsable del tratamiento<br><\/li>\n<\/ul>\n\n\n\n<p>En cualquier caso, en el apartado relativo a los tratamientos de datos personales que son llevados a cabo por <strong>Ids Estepona Golf 208 SA<\/strong>, dispone de informaci\u00f3n espec\u00edfica sobre la legitimaci\u00f3n aplicable a cada uno de ellos<\/p>\n\n\n\n<h2 class=\"wp-block-heading\"><strong>Qu\u00e9 derechos tiene respecto a sus datos personales<\/strong><\/h2>\n\n\n\n<p>Tiene derecho a conocer que en <strong>Ids Estepona Golf 208 SA<\/strong> tratamos sus datos de acuerdo a las finalidades especificadas en esta pol\u00edtica.<\/p>\n\n\n\n<p>Tiene derecho a acceder a sus datos personales y a rectificarlos si fueran inexactos.<\/p>\n\n\n\n<p>Tiene derecho a solicitar la supresi\u00f3n de los mismos cuando, entre otros motivos, los datos ya no sean necesarios para la finalidad por la que fueron recabados.<\/p>\n\n\n\n<p>En determinadas circunstancias, los interesados podr\u00e1n solicitar la limitaci\u00f3n del tratamiento de sus datos, los cuales ser\u00e1n conservados \u00fanicamente para el ejercicio del derecho de defensa ante reclamaciones y\/o litigios y durante los plazos legales exigibles para su conservaci\u00f3n.<\/p>\n\n\n\n<p>En determinadas circunstancias, los interesados podr\u00e1n oponerse al tratamiento de sus datos. <strong>Ids Estepona Golf 208 SA<\/strong> dejar\u00e1 de tratar sus datos con las \u00fanicas excepciones de motivos leg\u00edtimos, por motivos hist\u00f3ricos, art\u00edsticos o de investigaci\u00f3n, para la defensa ante reclamaciones, o por lo previsto en la normativa vigente.<\/p>\n\n\n\n<p>Para ejercer estos derechos, el interesado deber\u00e1 efectuar una comunicaci\u00f3n a la direcci\u00f3n arriba indicada, adjuntando copia de un documento que lo identifique (DNI, Pasaporte u otro documento equivalente), o enviando un correo electr\u00f3nico a dpo@grupoinsur.com con copia del documento identificativo.<\/p>\n\n\n\n<p>Asimismo, tiene derecho a plantear una reclamaci\u00f3n ante la Agencia Espa\u00f1ola de Protecci\u00f3n de Datos (AEPD), domicilio en la calle Jorge Juan, n\u00ba6, 28001 Madrid.<\/p>\n\n\n\n<h2 class=\"wp-block-heading\"><strong>Cookies<\/strong><\/h2>\n\n\n\n<p><strong>Ids Estepona Golf 208 SA<\/strong> hace uso de cookies durante la navegaci\u00f3n del usuario con la intenci\u00f3n de poder ofrecer un mejor servicio. En ning\u00fan caso estos elementos servir\u00e1n para identificar a una persona concreta, ya que su uso ser\u00e1 meramente t\u00e9cnico, con la excepci\u00f3n de las cookies necesarias para la correcta ejecuci\u00f3n de las transacciones solicitadas por un usuario concreto.<\/p>\n\n\n\n<p>Para m\u00e1s informaci\u00f3n puede consultar nuestra Pol\u00edtica de Cookies.<\/p>\n\n\n\n<h2 class=\"wp-block-heading\"><strong>Qu\u00e9 hacemos con los datos personales que son tratados<\/strong><\/h2>\n\n\n\n<p>A continuaci\u00f3n, le mostramos la relaci\u00f3n de tratamientos de datos personales efectuados por <strong>Ids Estepona Golf 208 SA<\/strong>: (i) gesti\u00f3n de clientes (ii) gesti\u00f3n de proveedores (iii) anal\u00edtica (iv) ventas (v) comunicaciones comerciales, marketing y RRSS (vi) recursos humanos (vii) cuestionario de satisfacci\u00f3n (viii) videovigilancia (ix) prevenci\u00f3n de blanqueo de capitales (x) coworking.<\/p>\n\n\n\n<p><strong>Copyright \u00a9 2025 \u2013 Ids Estepona Golf 208 SA<\/strong><\/p>\n\n\n\n<p>Reservados todos los derechos de autor por las leyes y tratados internacionales de propiedad intelectual. Queda expresamente prohibida su copia, reproducci\u00f3n o difusi\u00f3n, total o parcial, por cualquier medio.<\/p>\n<\/div><\/div>\n","protected":false},"excerpt":{"rendered":"<p>Pol\u00edtica de Privacidad Ids Estepona Golf 208 SA, como responsable del tratamiento, le informa a continuaci\u00f3n de que todo dato personal que se trate por parte del mismo, ser\u00e1 realizado de conformidad con los principios&#8230;<\/p>\n","protected":false},"author":1,"featured_media":191,"parent":0,"menu_order":0,"comment_status":"closed","ping_status":"open","template":"","meta":{"inline_featured_image":false,"footnotes":""},"class_list":["post-3","page","type-page","status-publish","has-post-thumbnail","hentry"],"yoast_head":"<!-- This site is optimized with the Yoast SEO plugin v27.3 - https:\/\/yoast.com\/product\/yoast-seo-wordpress\/ -->\n<title>Privacy Policy - Birdie Hills Estepona<\/title>\n<meta name=\"robots\" content=\"index, follow, max-snippet:-1, max-image-preview:large, max-video-preview:-1\" \/>\n<link rel=\"canonical\" href=\"https:\/\/www.birdiehillsestepona.com\/en\/privacy-policy\/\" \/>\n<meta property=\"og:locale\" content=\"en_US\" \/>\n<meta property=\"og:type\" content=\"article\" \/>\n<meta property=\"og:title\" content=\"Privacy Policy - Birdie Hills Estepona\" \/>\n<meta property=\"og:description\" content=\"Pol\u00edtica de Privacidad Ids Estepona Golf 208 SA, como responsable del tratamiento, le informa a continuaci\u00f3n de que todo dato personal que se trate por parte del mismo, ser\u00e1 realizado de conformidad con los principios...\" \/>\n<meta property=\"og:url\" content=\"https:\/\/www.birdiehillsestepona.com\/en\/privacy-policy\/\" \/>\n<meta property=\"og:site_name\" content=\"Birdie Hills Estepona\" \/>\n<meta property=\"article:modified_time\" content=\"2025-06-30T09:35:08+00:00\" \/>\n<meta property=\"og:image\" content=\"https:\/\/www.birdiehillsestepona.com\/wp-content\/uploads\/2025\/06\/el-projecto.jpg\" \/>\n\t<meta property=\"og:image:width\" content=\"2500\" \/>\n\t<meta property=\"og:image:height\" content=\"1665\" \/>\n\t<meta property=\"og:image:type\" content=\"image\/jpeg\" \/>\n<meta name=\"twitter:card\" content=\"summary_large_image\" \/>\n<meta name=\"twitter:label1\" content=\"Est. reading time\" \/>\n\t<meta name=\"twitter:data1\" content=\"8 minutes\" \/>\n<script type=\"application\/ld+json\" class=\"yoast-schema-graph\">{\"@context\":\"https:\\\/\\\/schema.org\",\"@graph\":[{\"@type\":\"WebPage\",\"@id\":\"https:\\\/\\\/www.birdiehillsestepona.com\\\/en\\\/privacy-policy\\\/\",\"url\":\"https:\\\/\\\/www.birdiehillsestepona.com\\\/en\\\/privacy-policy\\\/\",\"name\":\"Privacy Policy - Birdie Hills Estepona\",\"isPartOf\":{\"@id\":\"https:\\\/\\\/www.birdiehillsestepona.com\\\/en\\\/#website\"},\"primaryImageOfPage\":{\"@id\":\"https:\\\/\\\/www.birdiehillsestepona.com\\\/en\\\/privacy-policy\\\/#primaryimage\"},\"image\":{\"@id\":\"https:\\\/\\\/www.birdiehillsestepona.com\\\/en\\\/privacy-policy\\\/#primaryimage\"},\"thumbnailUrl\":\"https:\\\/\\\/www.birdiehillsestepona.com\\\/wp-content\\\/uploads\\\/2025\\\/06\\\/el-projecto.jpg\",\"datePublished\":\"2025-06-13T12:27:38+00:00\",\"dateModified\":\"2025-06-30T09:35:08+00:00\",\"breadcrumb\":{\"@id\":\"https:\\\/\\\/www.birdiehillsestepona.com\\\/en\\\/privacy-policy\\\/#breadcrumb\"},\"inLanguage\":\"en-US\",\"potentialAction\":[{\"@type\":\"ReadAction\",\"target\":[\"https:\\\/\\\/www.birdiehillsestepona.com\\\/en\\\/privacy-policy\\\/\"]}]},{\"@type\":\"ImageObject\",\"inLanguage\":\"en-US\",\"@id\":\"https:\\\/\\\/www.birdiehillsestepona.com\\\/en\\\/privacy-policy\\\/#primaryimage\",\"url\":\"https:\\\/\\\/www.birdiehillsestepona.com\\\/wp-content\\\/uploads\\\/2025\\\/06\\\/el-projecto.jpg\",\"contentUrl\":\"https:\\\/\\\/www.birdiehillsestepona.com\\\/wp-content\\\/uploads\\\/2025\\\/06\\\/el-projecto.jpg\",\"width\":2500,\"height\":1665},{\"@type\":\"BreadcrumbList\",\"@id\":\"https:\\\/\\\/www.birdiehillsestepona.com\\\/en\\\/privacy-policy\\\/#breadcrumb\",\"itemListElement\":[{\"@type\":\"ListItem\",\"position\":1,\"name\":\"Portada\",\"item\":\"https:\\\/\\\/www.birdiehillsestepona.com\\\/en\\\/\"},{\"@type\":\"ListItem\",\"position\":2,\"name\":\"Privacy Policy\"}]},{\"@type\":\"WebSite\",\"@id\":\"https:\\\/\\\/www.birdiehillsestepona.com\\\/en\\\/#website\",\"url\":\"https:\\\/\\\/www.birdiehillsestepona.com\\\/en\\\/\",\"name\":\"Birdie Hills Estepona\",\"description\":\"Birdie Hills Estepona\",\"potentialAction\":[{\"@type\":\"SearchAction\",\"target\":{\"@type\":\"EntryPoint\",\"urlTemplate\":\"https:\\\/\\\/www.birdiehillsestepona.com\\\/en\\\/?s={search_term_string}\"},\"query-input\":{\"@type\":\"PropertyValueSpecification\",\"valueRequired\":true,\"valueName\":\"search_term_string\"}}],\"inLanguage\":\"en-US\"}]}<\/script>\n<!-- \/ Yoast SEO plugin. -->","yoast_head_json":{"title":"Privacy Policy - Birdie Hills Estepona","robots":{"index":"index","follow":"follow","max-snippet":"max-snippet:-1","max-image-preview":"max-image-preview:large","max-video-preview":"max-video-preview:-1"},"canonical":"https:\/\/www.birdiehillsestepona.com\/en\/privacy-policy\/","og_locale":"en_US","og_type":"article","og_title":"Privacy Policy - Birdie Hills Estepona","og_description":"Pol\u00edtica de Privacidad Ids Estepona Golf 208 SA, como responsable del tratamiento, le informa a continuaci\u00f3n de que todo dato personal que se trate por parte del mismo, ser\u00e1 realizado de conformidad con los principios...","og_url":"https:\/\/www.birdiehillsestepona.com\/en\/privacy-policy\/","og_site_name":"Birdie Hills Estepona","article_modified_time":"2025-06-30T09:35:08+00:00","og_image":[{"width":2500,"height":1665,"url":"https:\/\/www.birdiehillsestepona.com\/wp-content\/uploads\/2025\/06\/el-projecto.jpg","type":"image\/jpeg"}],"twitter_card":"summary_large_image","twitter_misc":{"Est. reading time":"8 minutes"},"schema":{"@context":"https:\/\/schema.org","@graph":[{"@type":"WebPage","@id":"https:\/\/www.birdiehillsestepona.com\/en\/privacy-policy\/","url":"https:\/\/www.birdiehillsestepona.com\/en\/privacy-policy\/","name":"Privacy Policy - Birdie Hills Estepona","isPartOf":{"@id":"https:\/\/www.birdiehillsestepona.com\/en\/#website"},"primaryImageOfPage":{"@id":"https:\/\/www.birdiehillsestepona.com\/en\/privacy-policy\/#primaryimage"},"image":{"@id":"https:\/\/www.birdiehillsestepona.com\/en\/privacy-policy\/#primaryimage"},"thumbnailUrl":"https:\/\/www.birdiehillsestepona.com\/wp-content\/uploads\/2025\/06\/el-projecto.jpg","datePublished":"2025-06-13T12:27:38+00:00","dateModified":"2025-06-30T09:35:08+00:00","breadcrumb":{"@id":"https:\/\/www.birdiehillsestepona.com\/en\/privacy-policy\/#breadcrumb"},"inLanguage":"en-US","potentialAction":[{"@type":"ReadAction","target":["https:\/\/www.birdiehillsestepona.com\/en\/privacy-policy\/"]}]},{"@type":"ImageObject","inLanguage":"en-US","@id":"https:\/\/www.birdiehillsestepona.com\/en\/privacy-policy\/#primaryimage","url":"https:\/\/www.birdiehillsestepona.com\/wp-content\/uploads\/2025\/06\/el-projecto.jpg","contentUrl":"https:\/\/www.birdiehillsestepona.com\/wp-content\/uploads\/2025\/06\/el-projecto.jpg","width":2500,"height":1665},{"@type":"BreadcrumbList","@id":"https:\/\/www.birdiehillsestepona.com\/en\/privacy-policy\/#breadcrumb","itemListElement":[{"@type":"ListItem","position":1,"name":"Portada","item":"https:\/\/www.birdiehillsestepona.com\/en\/"},{"@type":"ListItem","position":2,"name":"Privacy Policy"}]},{"@type":"WebSite","@id":"https:\/\/www.birdiehillsestepona.com\/en\/#website","url":"https:\/\/www.birdiehillsestepona.com\/en\/","name":"Birdie Hills Estepona","description":"Birdie Hills Estepona","potentialAction":[{"@type":"SearchAction","target":{"@type":"EntryPoint","urlTemplate":"https:\/\/www.birdiehillsestepona.com\/en\/?s={search_term_string}"},"query-input":{"@type":"PropertyValueSpecification","valueRequired":true,"valueName":"search_term_string"}}],"inLanguage":"en-US"}]}},"_links":{"self":[{"href":"https:\/\/www.birdiehillsestepona.com\/en\/wp-json\/wp\/v2\/pages\/3","targetHints":{"allow":["GET"]}}],"collection":[{"href":"https:\/\/www.birdiehillsestepona.com\/en\/wp-json\/wp\/v2\/pages"}],"about":[{"href":"https:\/\/www.birdiehillsestepona.com\/en\/wp-json\/wp\/v2\/types\/page"}],"author":[{"embeddable":true,"href":"https:\/\/www.birdiehillsestepona.com\/en\/wp-json\/wp\/v2\/users\/1"}],"replies":[{"embeddable":true,"href":"https:\/\/www.birdiehillsestepona.com\/en\/wp-json\/wp\/v2\/comments?post=3"}],"version-history":[{"count":6,"href":"https:\/\/www.birdiehillsestepona.com\/en\/wp-json\/wp\/v2\/pages\/3\/revisions"}],"predecessor-version":[{"id":779,"href":"https:\/\/www.birdiehillsestepona.com\/en\/wp-json\/wp\/v2\/pages\/3\/revisions\/779"}],"wp:featuredmedia":[{"embeddable":true,"href":"https:\/\/www.birdiehillsestepona.com\/en\/wp-json\/wp\/v2\/media\/191"}],"wp:attachment":[{"href":"https:\/\/www.birdiehillsestepona.com\/en\/wp-json\/wp\/v2\/media?parent=3"}],"curies":[{"name":"wp","href":"https:\/\/api.w.org\/{rel}","templated":true}]}}