{"id":22,"date":"2025-06-16T13:56:13","date_gmt":"2025-06-16T11:56:13","guid":{"rendered":"https:\/\/www.birdiehillsestepona.com\/?page_id=22"},"modified":"2025-06-30T11:34:51","modified_gmt":"2025-06-30T09:34:51","slug":"cookie-policy","status":"publish","type":"page","link":"https:\/\/www.birdiehillsestepona.com\/en\/cookie-policy\/","title":{"rendered":"Cookie Policy"},"content":{"rendered":"\n<div class=\"wp-block-group contact-hero-header\"><div class=\"wp-block-group__inner-container is-layout-constrained wp-block-group-is-layout-constrained\">\n<div class=\"wp-block-cover is-light\"><img decoding=\"async\" width=\"2400\" height=\"775\" class=\"wp-block-cover__image-background wp-image-775 size-full\" alt=\"\" src=\"https:\/\/www.birdiehillsestepona.com\/wp-content\/uploads\/2025\/06\/BirdieHills-0001_cut.jpg\" data-object-fit=\"cover\" srcset=\"https:\/\/www.birdiehillsestepona.com\/wp-content\/uploads\/2025\/06\/BirdieHills-0001_cut.jpg 2400w, https:\/\/www.birdiehillsestepona.com\/wp-content\/uploads\/2025\/06\/BirdieHills-0001_cut-1200x388.jpg 1200w, https:\/\/www.birdiehillsestepona.com\/wp-content\/uploads\/2025\/06\/BirdieHills-0001_cut-1920x620.jpg 1920w, https:\/\/www.birdiehillsestepona.com\/wp-content\/uploads\/2025\/06\/BirdieHills-0001_cut-768x248.jpg 768w, https:\/\/www.birdiehillsestepona.com\/wp-content\/uploads\/2025\/06\/BirdieHills-0001_cut-1536x496.jpg 1536w, https:\/\/www.birdiehillsestepona.com\/wp-content\/uploads\/2025\/06\/BirdieHills-0001_cut-2048x661.jpg 2048w\" sizes=\"(max-width: 2400px) 100vw, 2400px\" \/><span aria-hidden=\"true\" class=\"wp-block-cover__background has-background-dim-0 has-background-dim\" style=\"background-color:#8e9da3\"><\/span><div class=\"wp-block-cover__inner-container is-layout-constrained wp-block-cover-is-layout-constrained\">\n<p class=\"has-text-align-center has-large-font-size\"><\/p>\n<\/div><\/div>\n<\/div><\/div>\n\n\n\n<div class=\"wp-block-group container legal-page\"><div class=\"wp-block-group__inner-container is-layout-constrained wp-block-group-is-layout-constrained\">\n<h1 class=\"wp-block-heading\"><strong>POL\u00cdTICA DE COOKIES<\/strong><\/h1>\n\n\n\n<h3 class=\"wp-block-heading\"><strong>1. Uso de cookies por la p\u00e1gina web birdiehillsestepona.com<\/strong><\/h3>\n\n\n\n<p>En esta p\u00e1gina web se utilizan cookies. Las cookies son ficheros enviados a un navegador por medio de un servidor web para registrar las actividades del Usuario en una web o servicios de las webs de <strong>Ids Estepona Golf 208 SA<\/strong> (en adelante, los servicios).<\/p>\n\n\n\n<p>Las cookies se usan para facilitar el mantenimiento de la sesi\u00f3n de usuario, para que la p\u00e1gina pueda funcionar correctamente en sus mecanismos imprescindibles, para un acceso m\u00e1s r\u00e1pido a los servicios seleccionados, y para personalizar los servicios que ofrecen las webs de <strong>Ids Estepona Golf 208 SA<\/strong> en base a elecciones y preferencias habituales del usuario, al hacer uso de los servicios.<\/p>\n\n\n\n<p>Las cookies se asocian a un usuario an\u00f3nimo y su ordenador y no recaban datos de car\u00e1cter personal. El usuario puede configurar su navegador para no permitir la instalaci\u00f3n de cookies utilizadas por las webs de <strong>Ids Estepona Golf 208 SA<\/strong> sin que el rechazo de las mismas impida al usuario acceder a los servicios, si bien, no permitir la instalaci\u00f3n de cookies puede hacer bajar la rapidez y calidad de funcionamiento de la p\u00e1gina Web, o incluso impedir que alguno de los servicios se pueda utilizar.<\/p>\n\n\n\n<p>Las cookies se podr\u00e1n gestionar por medio del Gestor de Consentimiento de Cookies que aparecer\u00e1 a su atenci\u00f3n al momento de acceder a la p\u00e1gina. Podr\u00e1 gestionar la aceptaci\u00f3n o no de los diferentes grupos de cookies, as\u00ed como consultar las cookies que se utilizan y su descripci\u00f3n completa. Si en cualquier momento desea modificar su elecci\u00f3n de configuraci\u00f3n de cookies puede pinchar en el enlace \u201cCambiar tu consentimiento\u201d.<\/p>\n\n\n\n<p>Clasificaci\u00f3n de las cookies en atenci\u00f3n a su duraci\u00f3n:<\/p>\n\n\n\n<ul class=\"wp-block-list\">\n<li><strong>Cookies de sesi\u00f3n<\/strong> o <strong>Cookies persistentes<\/strong>: las primeras son eliminadas al cerrar el navegador, mientras que las segundas permanecen en el equipo inform\u00e1tico.<br><\/li>\n\n\n\n<li><strong>Cookies de primera parte<\/strong> o <strong>Cookies de tercera parte<\/strong>: en funci\u00f3n de si son servidas por el propio dominio web, o a un tercero.<br><\/li>\n<\/ul>\n\n\n\n<p>Clasificaci\u00f3n de las cookies en atenci\u00f3n a su finalidad:<\/p>\n\n\n\n<ul class=\"wp-block-list\">\n<li><strong>User input cookies<\/strong> o cookies de sesi\u00f3n: Se emplean para realizar inicios de sesi\u00f3n, carros de la compra, etc.<br><\/li>\n\n\n\n<li><strong>Cookies de autenticaci\u00f3n<\/strong>: Identifican al usuario una vez que realiza log-in en el sistema.<br><\/li>\n\n\n\n<li><strong>User centric security cookies<\/strong>: Cookies dirigidas a incrementar la seguridad de un servicio solicitado por el usuario, como controlar la seguridad al intentar acceder repetidamente a un sistema de registro.<br><\/li>\n\n\n\n<li><strong>Multimedia Player session cookies (Flash Cookies)<\/strong>: Se utilizan para almacenar datos t\u00e9cnicos necesarios para reproducir v\u00eddeo o audio (como podr\u00eda ser la calidad de la imagen, o la velocidad de red).<br><\/li>\n\n\n\n<li><strong>Load balancing session cookies<\/strong>: Estas cookies solo almacenar\u00edan informaci\u00f3n sobre puntos de conexi\u00f3n (cookie de car\u00e1cter t\u00e9cnico).<br><\/li>\n\n\n\n<li><strong>UI customization cookies<\/strong>: Suelen emplearse para personalizar la apariencia de la web (lenguaje, etc).<br><\/li>\n\n\n\n<li><strong>Social plug-in content sharing cookies<\/strong>: Las redes sociales suelen disponer de \u201cm\u00f3dulos plug-in\u201d que los titulares de websites pueden integrar en su plataforma para que los usuarios de redes sociales compartan contenidos con sus contactos. Estos plug-ins suelen implicar la instalaci\u00f3n de cookies en los equipos de los usuarios.<br><\/li>\n\n\n\n<li><strong>Third party advertising<\/strong>: Cookies empleadas para redes de anuncios de terceros.<br><\/li>\n\n\n\n<li><strong>Cookies anal\u00edticas<\/strong>: Generan estad\u00edsticas sobre flujo de visitantes, patrones de navegaci\u00f3n, etc.<br><\/li>\n<\/ul>\n\n\n\n<p><strong>AddThis<\/strong>: Cookies para enlazar contenidos y compartir archivos en redes sociales. Nos facilita informaci\u00f3n sobre qu\u00e9 contenidos son m\u00e1s compartidos y a trav\u00e9s de qu\u00e9 redes sociales.<\/p>\n\n\n\n<p><strong>Google Analytics<\/strong>: Para generar las estad\u00edsticas de uso y navegaci\u00f3n de las p\u00e1ginas.<\/p>\n\n\n\n<p>La finalidad de estas cookies es:<\/p>\n\n\n\n<ul class=\"wp-block-list\">\n<li>Conocer el n\u00famero de visitantes y el tiempo de navegaci\u00f3n en nuestra web.<br><\/li>\n\n\n\n<li>Conocer cu\u00e1les son los contenidos m\u00e1s visitados.<br><\/li>\n\n\n\n<li>Conocer si el usuario es nuevo o ya ha visitado con anterioridad la web.<br><\/li>\n<\/ul>\n\n\n\n<p><strong>Ids Estepona Golf 208 SA<\/strong> se reserva el derecho de utilizar cookies en la navegaci\u00f3n del usuario por su p\u00e1gina web para facilitar la personalizaci\u00f3n y comodidad de la navegaci\u00f3n. Siguiendo la pol\u00edtica de protecci\u00f3n de datos de la empresa, le informamos que las cookies se asocian al usuario an\u00f3nimo y a su ordenador, y no proporcionan de por s\u00ed datos privados del usuario.<\/p>\n\n\n\n<p>El usuario puede rechazar el tratamiento de los datos o la informaci\u00f3n rechazando el uso de cookies mediante la configuraci\u00f3n del Gestor de Consentimiento de Cookies que se ha dispuesto para comodidad del usuario, o bien por medio de la selecci\u00f3n de la configuraci\u00f3n apropiada de su navegador. Sin embargo, debe usted saber que si lo hace puede ser que no pueda usar la plena funcionalidad de esta p\u00e1gina web.<\/p>\n\n\n\n<p>Tambi\u00e9n puede usted inhabilitar el uso de cookies a trav\u00e9s de la configuraci\u00f3n de privacidad de su navegador, en los enlaces que se exponen m\u00e1s adelante en esta misma Pol\u00edtica de Cookies.<\/p>\n\n\n\n<h3 class=\"wp-block-heading\"><strong>2. Tipos, finalidad y funcionamiento de las cookies utilizadas en la p\u00e1gina web<\/strong><\/h3>\n\n\n\n<p>Las cookies que actualmente se utilizan en la p\u00e1gina web son las que expl\u00edcitamente se exponen y se describen en el gestor de consentimiento de cookies, donde podr\u00e1 configurarlas a su elecci\u00f3n.<\/p>\n\n\n\n<p>Tambi\u00e9n puede encontrarlas a continuaci\u00f3n, junto al estado actual de su consentimiento.<\/p>\n\n\n\n<h3 class=\"wp-block-heading\"><strong>3. C\u00f3mo deshabilitar las cookies en los principales navegadores<\/strong><\/h3>\n\n\n\n<p>Pueden bloquearse o deshabilitarse con las herramientas de configuraci\u00f3n de su navegador. El navegador le permite rechazar la instalaci\u00f3n de todas las cookies, o bien elegir rechazar solo alguna de ellas.<\/p>\n\n\n\n<p>Le indicamos los enlaces a las herramientas de los principales navegadores, en las que poder informarse sobre c\u00f3mo deshabilitar las cookies:<\/p>\n\n\n\n<ul class=\"wp-block-list\">\n<li><strong>Google Chrome<\/strong><strong><br><\/strong><a href=\"https:\/\/support.google.com\/chrome\/answer\/95647?hl=es&amp;hlrm=en\"> https:\/\/support.google.com\/chrome\/answer\/95647?hl=es&amp;hlrm=en<br><\/a><\/li>\n\n\n\n<li><strong>Mozilla Firefox<\/strong><strong><br><\/strong><a href=\"http:\/\/support.mozilla.org\/es\/kb\/cookies-informacion-que-los-sitios-web-guardan-en-?redirectlocale=en-US&amp;redirectslug=Cookies\"> http:\/\/support.mozilla.org\/es\/kb\/cookies-informacion-que-los-sitios-web-guardan-en-?redirectlocale=en-US&amp;redirectslug=Cookies<br><\/a><\/li>\n\n\n\n<li><strong>Apple Safari<\/strong><strong><br><\/strong><a href=\"http:\/\/support.apple.com\/kb\/PH5042?viewlocale=es_ES\"> http:\/\/support.apple.com\/kb\/PH5042?viewlocale=es_ES<br><\/a><a href=\"http:\/\/support.apple.com\/kb\/HT1677?viewlocale=es_ES\"> http:\/\/support.apple.com\/kb\/HT1677?viewlocale=es_ES<br><\/a><\/li>\n\n\n\n<li><strong>Internet Explorer<\/strong><strong><br><\/strong>\n<ul class=\"wp-block-list\">\n<li>Versi\u00f3n 5:<a href=\"http:\/\/support.microsoft.com\/kb\/196955\/es\"> http:\/\/support.microsoft.com\/kb\/196955\/es<br><\/a><\/li>\n\n\n\n<li>Versi\u00f3n 6:<a href=\"http:\/\/support.microsoft.com\/kb\/283185\/es\"> http:\/\/support.microsoft.com\/kb\/283185\/es<br><\/a><\/li>\n\n\n\n<li>Versiones 7 y 8:<a href=\"http:\/\/windows.microsoft.com\/es-ES\/windows-vista\/Block-or-allow-cookies\"> http:\/\/windows.microsoft.com\/es-ES\/windows-vista\/Block-or-allow-cookies<br><\/a><\/li>\n\n\n\n<li>Versi\u00f3n 9:<a href=\"http:\/\/windows.microsoft.com\/es-ES\/windows7\/How-to-manage-cookies-in-Internet-Explorer-9\"> http:\/\/windows.microsoft.com\/es-ES\/windows7\/How-to-manage-cookies-in-Internet-Explorer-9<br><\/a><\/li>\n\n\n\n<li>Versi\u00f3n 10 y posteriores:<a href=\"http:\/\/windows.microsoft.com\/es-xl\/internet-explorer\/delete-manage-cookies\"> http:\/\/windows.microsoft.com\/es-xl\/internet-explorer\/delete-manage-cookies<br><\/a><\/li>\n<\/ul>\n<\/li>\n<\/ul>\n\n\n\n<h3 class=\"wp-block-heading\"><strong>4. Qu\u00e9 ocurre si se deshabilitan las cookies<\/strong><\/h3>\n\n\n\n<p>Si rechaza las cookies podr\u00e1 seguir usando nuestro sitio web, pero es posible que algunos de los servicios y\/o enlaces dejen de funcionar, que no se pueda iniciar o mantener la sesi\u00f3n interactiva con los servicios de la p\u00e1gina web, y no podremos obtener de usted informaci\u00f3n muy valiosa para ofrecerle contenidos acordes a sus intereses y para que usted pueda acceder m\u00e1s f\u00e1cil y r\u00e1pidamente a la informaci\u00f3n de su inter\u00e9s.<\/p>\n\n\n\n<h3 class=\"wp-block-heading\"><strong>5. Cambios en la pol\u00edtica de cookies<\/strong><\/h3>\n\n\n\n<p><strong>Ids Estepona Golf 208 SA<\/strong> puede modificar esta pol\u00edtica de cookies, bien por incorporar cookies nuevas por necesidad de nuevos contenidos que se puedan ofrecer, o bien en funci\u00f3n de exigencias legislativas o reglamentarias que hagan necesario el cambio de la misma, por ello se aconseja a los usuarios que la visiten antes de comenzar la navegaci\u00f3n por la web, y cada vez que la visiten de nuevo.<\/p>\n\n\n\n<p><strong>Copyright \u00a9 2025 \u2013 Ids Estepona Golf 208 SA<\/strong><strong><br><\/strong> Reservados todos los derechos de autor por las leyes y tratados internacionales de propiedad intelectual. Queda expresamente prohibida su copia, reproducci\u00f3n o difusi\u00f3n, total o parcial, por cualquier medio.<\/p>\n<\/div><\/div>\n","protected":false},"excerpt":{"rendered":"<p>POL\u00cdTICA DE COOKIES 1. Uso de cookies por la p\u00e1gina web birdiehillsestepona.com En esta p\u00e1gina web se utilizan cookies. Las cookies son ficheros enviados a un navegador por medio de un servidor web para registrar&#8230;<\/p>\n","protected":false},"author":1,"featured_media":191,"parent":0,"menu_order":0,"comment_status":"closed","ping_status":"closed","template":"","meta":{"inline_featured_image":false,"footnotes":""},"class_list":["post-22","page","type-page","status-publish","has-post-thumbnail","hentry"],"yoast_head":"<!-- This site is optimized with the Yoast SEO plugin v27.3 - https:\/\/yoast.com\/product\/yoast-seo-wordpress\/ -->\n<title>Cookie Policy - Birdie Hills Estepona<\/title>\n<meta name=\"robots\" content=\"index, follow, max-snippet:-1, max-image-preview:large, max-video-preview:-1\" \/>\n<link rel=\"canonical\" href=\"https:\/\/www.birdiehillsestepona.com\/en\/cookie-policy\/\" \/>\n<meta property=\"og:locale\" content=\"en_US\" \/>\n<meta property=\"og:type\" content=\"article\" \/>\n<meta property=\"og:title\" content=\"Cookie Policy - Birdie Hills Estepona\" \/>\n<meta property=\"og:description\" content=\"POL\u00cdTICA DE COOKIES 1. Uso de cookies por la p\u00e1gina web birdiehillsestepona.com En esta p\u00e1gina web se utilizan cookies. Las cookies son ficheros enviados a un navegador por medio de un servidor web para registrar...\" \/>\n<meta property=\"og:url\" content=\"https:\/\/www.birdiehillsestepona.com\/en\/cookie-policy\/\" \/>\n<meta property=\"og:site_name\" content=\"Birdie Hills Estepona\" \/>\n<meta property=\"article:modified_time\" content=\"2025-06-30T09:34:51+00:00\" \/>\n<meta property=\"og:image\" content=\"https:\/\/www.birdiehillsestepona.com\/wp-content\/uploads\/2025\/06\/el-projecto.jpg\" \/>\n\t<meta property=\"og:image:width\" content=\"2500\" \/>\n\t<meta property=\"og:image:height\" content=\"1665\" \/>\n\t<meta property=\"og:image:type\" content=\"image\/jpeg\" \/>\n<meta name=\"twitter:card\" content=\"summary_large_image\" \/>\n<meta name=\"twitter:label1\" content=\"Est. reading time\" \/>\n\t<meta name=\"twitter:data1\" content=\"6 minutes\" \/>\n<script type=\"application\/ld+json\" class=\"yoast-schema-graph\">{\"@context\":\"https:\\\/\\\/schema.org\",\"@graph\":[{\"@type\":\"WebPage\",\"@id\":\"https:\\\/\\\/www.birdiehillsestepona.com\\\/en\\\/cookie-policy\\\/\",\"url\":\"https:\\\/\\\/www.birdiehillsestepona.com\\\/en\\\/cookie-policy\\\/\",\"name\":\"Cookie Policy - Birdie Hills Estepona\",\"isPartOf\":{\"@id\":\"https:\\\/\\\/www.birdiehillsestepona.com\\\/en\\\/#website\"},\"primaryImageOfPage\":{\"@id\":\"https:\\\/\\\/www.birdiehillsestepona.com\\\/en\\\/cookie-policy\\\/#primaryimage\"},\"image\":{\"@id\":\"https:\\\/\\\/www.birdiehillsestepona.com\\\/en\\\/cookie-policy\\\/#primaryimage\"},\"thumbnailUrl\":\"https:\\\/\\\/www.birdiehillsestepona.com\\\/wp-content\\\/uploads\\\/2025\\\/06\\\/el-projecto.jpg\",\"datePublished\":\"2025-06-16T11:56:13+00:00\",\"dateModified\":\"2025-06-30T09:34:51+00:00\",\"breadcrumb\":{\"@id\":\"https:\\\/\\\/www.birdiehillsestepona.com\\\/en\\\/cookie-policy\\\/#breadcrumb\"},\"inLanguage\":\"en-US\",\"potentialAction\":[{\"@type\":\"ReadAction\",\"target\":[\"https:\\\/\\\/www.birdiehillsestepona.com\\\/en\\\/cookie-policy\\\/\"]}]},{\"@type\":\"ImageObject\",\"inLanguage\":\"en-US\",\"@id\":\"https:\\\/\\\/www.birdiehillsestepona.com\\\/en\\\/cookie-policy\\\/#primaryimage\",\"url\":\"https:\\\/\\\/www.birdiehillsestepona.com\\\/wp-content\\\/uploads\\\/2025\\\/06\\\/el-projecto.jpg\",\"contentUrl\":\"https:\\\/\\\/www.birdiehillsestepona.com\\\/wp-content\\\/uploads\\\/2025\\\/06\\\/el-projecto.jpg\",\"width\":2500,\"height\":1665},{\"@type\":\"BreadcrumbList\",\"@id\":\"https:\\\/\\\/www.birdiehillsestepona.com\\\/en\\\/cookie-policy\\\/#breadcrumb\",\"itemListElement\":[{\"@type\":\"ListItem\",\"position\":1,\"name\":\"Portada\",\"item\":\"https:\\\/\\\/www.birdiehillsestepona.com\\\/en\\\/\"},{\"@type\":\"ListItem\",\"position\":2,\"name\":\"Cookie Policy\"}]},{\"@type\":\"WebSite\",\"@id\":\"https:\\\/\\\/www.birdiehillsestepona.com\\\/en\\\/#website\",\"url\":\"https:\\\/\\\/www.birdiehillsestepona.com\\\/en\\\/\",\"name\":\"Birdie Hills Estepona\",\"description\":\"Birdie Hills Estepona\",\"potentialAction\":[{\"@type\":\"SearchAction\",\"target\":{\"@type\":\"EntryPoint\",\"urlTemplate\":\"https:\\\/\\\/www.birdiehillsestepona.com\\\/en\\\/?s={search_term_string}\"},\"query-input\":{\"@type\":\"PropertyValueSpecification\",\"valueRequired\":true,\"valueName\":\"search_term_string\"}}],\"inLanguage\":\"en-US\"}]}<\/script>\n<!-- \/ Yoast SEO plugin. -->","yoast_head_json":{"title":"Cookie Policy - Birdie Hills Estepona","robots":{"index":"index","follow":"follow","max-snippet":"max-snippet:-1","max-image-preview":"max-image-preview:large","max-video-preview":"max-video-preview:-1"},"canonical":"https:\/\/www.birdiehillsestepona.com\/en\/cookie-policy\/","og_locale":"en_US","og_type":"article","og_title":"Cookie Policy - Birdie Hills Estepona","og_description":"POL\u00cdTICA DE COOKIES 1. Uso de cookies por la p\u00e1gina web birdiehillsestepona.com En esta p\u00e1gina web se utilizan cookies. Las cookies son ficheros enviados a un navegador por medio de un servidor web para registrar...","og_url":"https:\/\/www.birdiehillsestepona.com\/en\/cookie-policy\/","og_site_name":"Birdie Hills Estepona","article_modified_time":"2025-06-30T09:34:51+00:00","og_image":[{"width":2500,"height":1665,"url":"https:\/\/www.birdiehillsestepona.com\/wp-content\/uploads\/2025\/06\/el-projecto.jpg","type":"image\/jpeg"}],"twitter_card":"summary_large_image","twitter_misc":{"Est. reading time":"6 minutes"},"schema":{"@context":"https:\/\/schema.org","@graph":[{"@type":"WebPage","@id":"https:\/\/www.birdiehillsestepona.com\/en\/cookie-policy\/","url":"https:\/\/www.birdiehillsestepona.com\/en\/cookie-policy\/","name":"Cookie Policy - Birdie Hills Estepona","isPartOf":{"@id":"https:\/\/www.birdiehillsestepona.com\/en\/#website"},"primaryImageOfPage":{"@id":"https:\/\/www.birdiehillsestepona.com\/en\/cookie-policy\/#primaryimage"},"image":{"@id":"https:\/\/www.birdiehillsestepona.com\/en\/cookie-policy\/#primaryimage"},"thumbnailUrl":"https:\/\/www.birdiehillsestepona.com\/wp-content\/uploads\/2025\/06\/el-projecto.jpg","datePublished":"2025-06-16T11:56:13+00:00","dateModified":"2025-06-30T09:34:51+00:00","breadcrumb":{"@id":"https:\/\/www.birdiehillsestepona.com\/en\/cookie-policy\/#breadcrumb"},"inLanguage":"en-US","potentialAction":[{"@type":"ReadAction","target":["https:\/\/www.birdiehillsestepona.com\/en\/cookie-policy\/"]}]},{"@type":"ImageObject","inLanguage":"en-US","@id":"https:\/\/www.birdiehillsestepona.com\/en\/cookie-policy\/#primaryimage","url":"https:\/\/www.birdiehillsestepona.com\/wp-content\/uploads\/2025\/06\/el-projecto.jpg","contentUrl":"https:\/\/www.birdiehillsestepona.com\/wp-content\/uploads\/2025\/06\/el-projecto.jpg","width":2500,"height":1665},{"@type":"BreadcrumbList","@id":"https:\/\/www.birdiehillsestepona.com\/en\/cookie-policy\/#breadcrumb","itemListElement":[{"@type":"ListItem","position":1,"name":"Portada","item":"https:\/\/www.birdiehillsestepona.com\/en\/"},{"@type":"ListItem","position":2,"name":"Cookie Policy"}]},{"@type":"WebSite","@id":"https:\/\/www.birdiehillsestepona.com\/en\/#website","url":"https:\/\/www.birdiehillsestepona.com\/en\/","name":"Birdie Hills Estepona","description":"Birdie Hills Estepona","potentialAction":[{"@type":"SearchAction","target":{"@type":"EntryPoint","urlTemplate":"https:\/\/www.birdiehillsestepona.com\/en\/?s={search_term_string}"},"query-input":{"@type":"PropertyValueSpecification","valueRequired":true,"valueName":"search_term_string"}}],"inLanguage":"en-US"}]}},"_links":{"self":[{"href":"https:\/\/www.birdiehillsestepona.com\/en\/wp-json\/wp\/v2\/pages\/22","targetHints":{"allow":["GET"]}}],"collection":[{"href":"https:\/\/www.birdiehillsestepona.com\/en\/wp-json\/wp\/v2\/pages"}],"about":[{"href":"https:\/\/www.birdiehillsestepona.com\/en\/wp-json\/wp\/v2\/types\/page"}],"author":[{"embeddable":true,"href":"https:\/\/www.birdiehillsestepona.com\/en\/wp-json\/wp\/v2\/users\/1"}],"replies":[{"embeddable":true,"href":"https:\/\/www.birdiehillsestepona.com\/en\/wp-json\/wp\/v2\/comments?post=22"}],"version-history":[{"count":5,"href":"https:\/\/www.birdiehillsestepona.com\/en\/wp-json\/wp\/v2\/pages\/22\/revisions"}],"predecessor-version":[{"id":777,"href":"https:\/\/www.birdiehillsestepona.com\/en\/wp-json\/wp\/v2\/pages\/22\/revisions\/777"}],"wp:featuredmedia":[{"embeddable":true,"href":"https:\/\/www.birdiehillsestepona.com\/en\/wp-json\/wp\/v2\/media\/191"}],"wp:attachment":[{"href":"https:\/\/www.birdiehillsestepona.com\/en\/wp-json\/wp\/v2\/media?parent=22"}],"curies":[{"name":"wp","href":"https:\/\/api.w.org\/{rel}","templated":true}]}}